{"id":384,"date":"2017-07-19T01:31:49","date_gmt":"2017-07-18T18:31:49","guid":{"rendered":"http:\/\/vietnamtrip.jpmart.store\/?post_type=product&#038;p=384"},"modified":"2017-07-19T11:03:53","modified_gmt":"2017-07-19T04:03:53","slug":"tour-du-lich-quang-binh-4-ngay-3-dem","status":"publish","type":"product","link":"https:\/\/vietnamtrip.jpmart.store\/?product=tour-du-lich-quang-binh-4-ngay-3-dem","title":{"rendered":"Tour du l\u1ecbch qu\u1ea3ng b\u00ecnh 4 ng\u00e0y 3 \u0111\u00eam"},"content":{"rendered":"<p>H\u00c0 N\u1ed8I \u2013 QU\u1ea2NG B\u00ccNH \u2013 V\u0168NG CH\u00d9A \u2013 HANG T\u00c1M C\u00d4 -\u0110\u1ed8NG PHONG NHA \u2013 T\u01af\u1ee2NG \u0110\u00c0I M\u1eb8 SU\u1ed0T \u2013 H\u00c0 N\u1ed8I<br \/>\nPh\u01b0\u01a1ng ti\u1ec7n : M\u00e1y bay \u2013 \u00d4 t\u00f4<\/p>\n<p>&#8211; Tr\u1ea3i nghi\u1ec7m c\u00f9ng h\u00e0ng kh\u00f4ng 4* Vietnam Airlines v\u1edbi lo\u1ea1i t\u00e0u bay A321 l\u1ea7n \u0111\u1ea7u ti\u00ean \u0111\u01b0\u1ee3c tri\u1ec3n khai<br \/>\n&#8211; Kh\u00e1ch s\u1ea1n 3* g\u1ea7n bi\u1ec3n, ti\u1ec7n nghi, sang tr\u1ecdng<br \/>\n&#8211; Kh\u00e1m ph\u00e1 \u0111\u1ed9ng Phong Nha di s\u1ea3n thi\u00ean nhi\u00ean th\u1ebf gi\u1edbi , hang T\u00e1m C\u00f4, t\u01b0\u1ee3ng \u0111\u00e0i M\u1eb9 Su\u1ed1t<br \/>\n&#8211; Tham quan v\u00e0 d\u00e2ng h\u01b0\u01a1ng m\u1ed9 \u0110\u1ea1i T\u01b0\u1edbng V\u00f5 Nguy\u00ean Gi\u00e1p<\/p>\n","protected":false},"excerpt":{"rendered":"<p>H\u00c0 N\u1ed8I \u2013 QU\u1ea2NG B\u00ccNH \u2013 V\u0168NG CH\u00d9A \u2013 HANG T\u00c1M C\u00d4 -\u0110\u1ed8NG PHONG NHA \u2013 T\u01af\u1ee2NG \u0110\u00c0I M\u1eb8 SU\u1ed0T \u2013 H\u00c0 N\u1ed8I Ph\u01b0\u01a1ng ti\u1ec7n : M\u00e1y bay \u2013 \u00d4 t\u00f4 &#8211; Tr\u1ea3i nghi\u1ec7m c\u00f9ng h\u00e0ng kh\u00f4ng 4* Vietnam Airlines v\u1edbi lo\u1ea1i t\u00e0u bay A321 l\u1ea7n \u0111\u1ea7u ti\u00ean \u0111\u01b0\u1ee3c tri\u1ec3n khai &#8211; Kh\u00e1ch s\u1ea1n 3* [&hellip;]\n","protected":false},"featured_media":385,"comment_status":"open","ping_status":"closed","template":"","meta":[],"product_brand":[],"product_cat":[77,74],"product_tag":[],"class_list":{"0":"post-384","1":"product","2":"type-product","3":"status-publish","4":"has-post-thumbnail","6":"product_cat-tour-mien-trung","7":"product_cat-tour-trong-nuoc","9":"first","10":"instock","11":"sale","12":"shipping-taxable","13":"product-type-simple"},"_links":{"self":[{"href":"https:\/\/vietnamtrip.jpmart.store\/index.php?rest_route=\/wp\/v2\/product\/384","targetHints":{"allow":["GET"]}}],"collection":[{"href":"https:\/\/vietnamtrip.jpmart.store\/index.php?rest_route=\/wp\/v2\/product"}],"about":[{"href":"https:\/\/vietnamtrip.jpmart.store\/index.php?rest_route=\/wp\/v2\/types\/product"}],"replies":[{"embeddable":true,"href":"https:\/\/vietnamtrip.jpmart.store\/index.php?rest_route=%2Fwp%2Fv2%2Fcomments&post=384"}],"wp:featuredmedia":[{"embeddable":true,"href":"https:\/\/vietnamtrip.jpmart.store\/index.php?rest_route=\/wp\/v2\/media\/385"}],"wp:attachment":[{"href":"https:\/\/vietnamtrip.jpmart.store\/index.php?rest_route=%2Fwp%2Fv2%2Fmedia&parent=384"}],"wp:term":[{"taxonomy":"product_brand","embeddable":true,"href":"https:\/\/vietnamtrip.jpmart.store\/index.php?rest_route=%2Fwp%2Fv2%2Fproduct_brand&post=384"},{"taxonomy":"product_cat","embeddable":true,"href":"https:\/\/vietnamtrip.jpmart.store\/index.php?rest_route=%2Fwp%2Fv2%2Fproduct_cat&post=384"},{"taxonomy":"product_tag","embeddable":true,"href":"https:\/\/vietnamtrip.jpmart.store\/index.php?rest_route=%2Fwp%2Fv2%2Fproduct_tag&post=384"}],"curies":[{"name":"wp","href":"https:\/\/api.w.org\/{rel}","templated":true}]}}